{"id":62,"date":"2026-02-21T19:10:40","date_gmt":"2026-02-21T19:10:40","guid":{"rendered":"https:\/\/aodbkt.com\/?page_id=62"},"modified":"2026-02-26T19:09:54","modified_gmt":"2026-02-27T00:09:54","slug":"nuestras-tarifas","status":"publish","type":"page","link":"https:\/\/aodbkt.com\/inicio\/nuestras-tarifas\/","title":{"rendered":"Nuestras Tarifas"},"content":{"rendered":"\n<p><mark style=\"background-color:rgba(0, 0, 0, 0)\" class=\"has-inline-color has-vivid-red-color\">Nuestro Compromiso es  ofrecerle Servicios de Apoyo Administrativo de alta calidad y a los mejores precios del Mercado, por lo que hemos calculado nuestras Tarifas con niveles muy por debajo de los precios est\u00e1ndares del Ramo<\/mark><\/p>\n\n\n\n<figure class=\"wp-block-table aligncenter\"><table class=\"has-fixed-layout\"><tbody><tr><td class=\"has-text-align-left\" data-align=\"left\"><strong><mark style=\"background-color:rgba(0, 0, 0, 0)\" class=\"has-inline-color has-vivid-red-color\">Servicio<\/mark><\/strong><\/td><td class=\"has-text-align-left\" data-align=\"left\"><strong><mark style=\"background-color:rgba(0, 0, 0, 0)\" class=\"has-inline-color has-vivid-red-color\">Precio<\/mark><\/strong><\/td><td class=\"has-text-align-left\" data-align=\"left\"><strong><mark style=\"background-color:rgba(0, 0, 0, 0)\" class=\"has-inline-color has-vivid-red-color\">Notas<\/mark><\/strong><\/td><\/tr><tr><td class=\"has-text-align-left\" data-align=\"left\">Formaci\u00f3n de Compa\u00f1\u00edas listas para operar incluyendo Tramites, Documentos y Asesor\u00eda para definir tipo.<\/td><td class=\"has-text-align-left\" data-align=\"left\">&nbsp; $120<\/td><td class=\"has-text-align-left\" data-align=\"left\">No incluye los Costos del Tr\u00e1mite ante las Instituciones (Aprox. $125 para una LLC de un Due\u00f1o \u00fanico).<\/td><\/tr><tr><td class=\"has-text-align-left\" data-align=\"left\">Declaraci\u00f3n de Impuestos personales b\u00e1sica con W-2 (Sin Sch C) y cualquier otro ingreso declarable ante el IRS.<\/td><td class=\"has-text-align-left\" data-align=\"left\">&nbsp; $80<\/td><td class=\"has-text-align-left\" data-align=\"left\">Incluye la declaraci\u00f3n conjunta con su c\u00f3nyuge y dependientes (en caso de haberlos).<\/td><\/tr><tr><td class=\"has-text-align-left\" data-align=\"left\">Declaraci\u00f3n de Impuestos personales para Self-employed incluyendo un Sch C o para una LLC de un solo Propietario (Sole Propietorship).<\/td><td class=\"has-text-align-left\" data-align=\"left\">&nbsp; $160<\/td><td class=\"has-text-align-left\" data-align=\"left\">Incluye la declaraci\u00f3n conjunta con su c\u00f3nyuge y dependientes (en caso de haberlos). El Cliente suministra la Informaci\u00f3n de gastos clasificada.<\/td><\/tr><tr><td class=\"has-text-align-left\" data-align=\"left\">Registro de Gastos clasificados para Negocios Propios (Self-employed) o LLC de Propietarios \u00danicos (Sole Propietorship).<\/td><td class=\"has-text-align-left\" data-align=\"left\">&nbsp; $40\/mes<\/td><td class=\"has-text-align-left\" data-align=\"left\">A trav\u00e9s de acceso a nuestra Aplicaci\u00f3n M\u00f3vil. Incluye entrega de Reportes mensuales y Reporte clasificado anual.<\/td><\/tr><tr><td class=\"has-text-align-left\" data-align=\"left\">Registro de Gastos clasificados para Negocios Propios (Self-employed) o LLC de Propietarios \u00danicos (Sole Propietorship) y Declaraci\u00f3n de Impuestos Federales anual.<\/td><td class=\"has-text-align-left\" data-align=\"left\">&nbsp; &nbsp; $50\/mes<\/td><td class=\"has-text-align-left\" data-align=\"left\">A trav\u00e9s de acceso a nuestra Aplicaci\u00f3n M\u00f3vil. Incluye entrega de Reportes mensuales y Reporte clasificado anual. Incluye la Declaraci\u00f3n de Impuestos Federales anual.<\/td><\/tr><tr><td class=\"has-text-align-left\" data-align=\"left\">Servicio de Contabilidad completa para Empresas y Negocios personales<\/td><td class=\"has-text-align-left\" data-align=\"left\">&nbsp; &nbsp; A convenir<\/td><td class=\"has-text-align-left\" data-align=\"left\">Precios en funci\u00f3n de la cantidad de movimientos, cuentas de Bancos, y dem\u00e1s requerimientos del Cliente en lo relativo a Balances, Estados de Ganancias y P\u00e9rdidas, Flujos de Caja, Pagos a trabajadores, etc.<\/td><\/tr><\/tbody><\/table><\/figure>\n\n\n\n<h2 class=\"wp-block-heading\">Notas importantes<\/h2>\n\n\n\n<ul class=\"wp-block-list\">\n<li><mark style=\"background-color:rgba(0, 0, 0, 0)\" class=\"has-inline-color has-vivid-red-color\">Para la prestaci\u00f3n de cualquiera de nuestros Servicios, el Cliente tiene que disponer de una direcci\u00f3n de Correo Electr\u00f3nico operativa y de uso regular, ya que recibir\u00e1 toda la informaci\u00f3n, Reportes, y copias de sus Documentos de forma digital<\/mark><\/li>\n\n\n\n<li><mark style=\"background-color:rgba(0, 0, 0, 0)\" class=\"has-inline-color has-vivid-red-color\">Igualmente, para el uso de nuestra Aplicaci\u00f3n m\u00f3vil (para el caso de los Registros de Gastos de su negocio), deber\u00e1 tener acceso frecuente (o preferiblemente permanente) a Internet, ya que solo as\u00ed podremos tener la informaci\u00f3n actualizada en nuestro servidor<\/mark><\/li>\n\n\n\n<li><mark style=\"background-color:rgba(0, 0, 0, 0)\" class=\"has-inline-color has-vivid-red-color\">Para el Dise\u00f1o e Instalaci\u00f3n de P\u00e1ginas Comerciales de Facebook se requiere que el Cliente nos facilite el acceso a una P\u00e1gina creada por el para tal fin, o a su P\u00e1gina existente<\/mark><\/li>\n\n\n\n<li><mark style=\"background-color:rgba(0, 0, 0, 0)\" class=\"has-inline-color has-vivid-red-color\">Los costos iniciales (y de mantenimiento) asociados a la compra del Dominio (direcci\u00f3n de su sitio Web) y del Hospedaje de su P\u00e1gina Web (Servicio de Servidores de Internet) ser\u00e1n responsabilidad del Cliente<\/mark><\/li>\n\n\n\n<li><mark style=\"background-color:rgba(0, 0, 0, 0)\" class=\"has-inline-color has-vivid-red-color\">Para cada uno de nuestros Servicios, elaboramos un Contrato de Servicios que describe el alcance de nuestro trabajo y nuestras obligaciones con nuestro Cliente, y que funciona para la protecci\u00f3n de los intereses de ambas partes<\/mark><\/li>\n\n\n\n<li><mark style=\"background-color:rgba(0, 0, 0, 0)\" class=\"has-inline-color has-vivid-red-color\">Aceptamos Zelle como forma de pago y tambi\u00e9n aceptamos transferencias v\u00eda Paypal o a nuestra cuenta en Suncoast Credit Union<\/mark><\/li>\n<\/ul>\n","protected":false},"excerpt":{"rendered":"<p>Nuestro Compromiso es ofrecerle Servicios de Apoyo Administrativo de alta calidad y a los mejores precios del Mercado, por lo que hemos calculado nuestras Tarifas con niveles muy por debajo de los precios est\u00e1ndares del Ramo Servicio Precio Notas Formaci\u00f3n de Compa\u00f1\u00edas listas para operar incluyendo Tramites, Documentos y Asesor\u00eda para definir tipo. &nbsp; $120 [&hellip;]<\/p>\n","protected":false},"author":1,"featured_media":0,"parent":0,"menu_order":0,"comment_status":"closed","ping_status":"closed","template":"","meta":{"footnotes":""},"class_list":["post-62","page","type-page","status-publish","hentry"],"_hostinger_reach_plugin_has_subscription_block":false,"_hostinger_reach_plugin_is_elementor":false,"_links":{"self":[{"href":"https:\/\/aodbkt.com\/inicio\/wp-json\/wp\/v2\/pages\/62","targetHints":{"allow":["GET"]}}],"collection":[{"href":"https:\/\/aodbkt.com\/inicio\/wp-json\/wp\/v2\/pages"}],"about":[{"href":"https:\/\/aodbkt.com\/inicio\/wp-json\/wp\/v2\/types\/page"}],"author":[{"embeddable":true,"href":"https:\/\/aodbkt.com\/inicio\/wp-json\/wp\/v2\/users\/1"}],"replies":[{"embeddable":true,"href":"https:\/\/aodbkt.com\/inicio\/wp-json\/wp\/v2\/comments?post=62"}],"version-history":[{"count":6,"href":"https:\/\/aodbkt.com\/inicio\/wp-json\/wp\/v2\/pages\/62\/revisions"}],"predecessor-version":[{"id":240,"href":"https:\/\/aodbkt.com\/inicio\/wp-json\/wp\/v2\/pages\/62\/revisions\/240"}],"wp:attachment":[{"href":"https:\/\/aodbkt.com\/inicio\/wp-json\/wp\/v2\/media?parent=62"}],"curies":[{"name":"wp","href":"https:\/\/api.w.org\/{rel}","templated":true}]}}