{"id":59,"date":"2026-02-21T19:10:40","date_gmt":"2026-02-21T19:10:40","guid":{"rendered":"https:\/\/aodbkt.com\/?page_id=59"},"modified":"2026-02-26T18:54:42","modified_gmt":"2026-02-26T23:54:42","slug":"como-trabajamos","status":"publish","type":"page","link":"https:\/\/aodbkt.com\/inicio\/como-trabajamos\/","title":{"rendered":"Forma de Trabajo"},"content":{"rendered":"\n<h2 class=\"wp-block-heading\">\u00bfComo trabajamos?<\/h2>\n\n\n\n<p class=\"has-text-align-left\"><mark style=\"background-color:rgba(0, 0, 0, 0)\" class=\"has-inline-color has-vivid-red-color\">Entendemos perfectamente que al tener o estar iniciando un peque\u00f1o negocio, las formalidades relacionadas con Controles, Cuentas y, en general, el \u201cOrden Contable\u201d, no son prioritarios para quien quiere utilizar su tiempo, capacidades o conocimientos para producir sus propios ingresos.<\/mark><\/p>\n\n\n\n<p class=\"has-text-align-left\"><mark style=\"background-color:rgba(0, 0, 0, 0)\" class=\"has-inline-color has-vivid-red-color\">Igualmente, en la mayor\u00eda de los casos, al inicio muchos no quieren complicarse con cuentas de bancos empresariales o cuentas separadas solo para el negocio (que ser\u00eda lo ideal y, adem\u00e1s, lo que los Contadores recomiendan) y usan sus propias Cuentas Personales para manejar el dinero.<\/mark><\/p>\n\n\n\n<p class=\"has-text-align-left\"><mark style=\"background-color:rgba(0, 0, 0, 0)\" class=\"has-inline-color has-vivid-red-color\">Por otra parte, los \u201cnacientes Empresarios\u201d son naturalmente \u201ccelosos\u201d con \u201csus n\u00fameros\u201d y, en especial, con los Ingresos provenientes de su actividad.<\/mark><\/p>\n\n\n\n<h2 class=\"wp-block-heading\">Discreci\u00f3n ante todo<\/h2>\n\n\n\n<p class=\"has-text-align-left\"><mark style=\"background-color:rgba(0, 0, 0, 0)\" class=\"has-inline-color has-vivid-red-color\">Por ese motivo, ofrecemos la opci\u00f3n de ayudar en el manejo de los Gastos sin indagar en el tema de los Ingresos, a menos que nuestros Clientes as\u00ed lo requieran.<\/mark><\/p>\n\n\n\n<p class=\"has-text-align-left\"><mark style=\"background-color:rgba(0, 0, 0, 0)\" class=\"has-inline-color has-vivid-red-color\">Solo si nuestros Clientes deciden hacer sus Declaraciones de Impuestos con nosotros, o si requieren de un Servicio Contable formal, les pediremos, en el momento adecuado, la informaci\u00f3n relativa a sus Ingresos.<\/mark><\/p>\n\n\n\n<p class=\"has-text-align-left\"><mark style=\"background-color:rgba(0, 0, 0, 0)\" class=\"has-inline-color has-vivid-red-color\">Sin embargo, nuestro Servicio incluye el control y clasificaci\u00f3n de sus Gastos o Egresos, lo cual es vital para poder determinar la ganancia REAL de su actividad productiva y para hacer la declaraci\u00f3n de los Impuestos Federales sin \u201cperder o dejar de ganar dinero\u201d.<\/mark><\/p>\n\n\n\n<h2 class=\"wp-block-heading\">Nuestra Principal Herramienta<\/h2>\n\n\n\n<p><mark style=\"background-color:rgba(0, 0, 0, 0)\" class=\"has-inline-color has-vivid-red-color\">Al solicitar nuestros Servicios de Bookkeeping y\/o de Control de gastos, tendr\u00e1 acceso inmediato a nuestra exclusiva Aplicaci\u00f3n M\u00f3vil que lo mantendr\u00e1 conectado permanentemente con nosotros y que le permitir\u00e1 llevar \u00aben su bolsillo\u00bb toda la informaci\u00f3n, perfectamente clasificada, de sus gastos o egresos ofreci\u00e9ndole los siguientes beneficios:<\/mark><\/p>\n\n\n\n<ul class=\"wp-block-list\">\n<li><mark style=\"background-color:rgba(0, 0, 0, 0)\" class=\"has-inline-color has-vivid-red-color\">Registrar, en segundos (y en el momento en el que ocurran) todos y cada uno de los Egresos que haga en su Actividad<\/mark><\/li>\n\n\n\n<li><mark style=\"background-color:rgba(0, 0, 0, 0)\" class=\"has-inline-color has-vivid-red-color\">Tener siempre \u201ca mano\u201d un registro perfectamente clasificado y actualizado de forma permanente, del destino de sus Gastos<\/mark><\/li>\n\n\n\n<li><mark style=\"background-color:rgba(0, 0, 0, 0)\" class=\"has-inline-color has-vivid-red-color\">Obviar el uso de \u201clibreticas para apuntar los gastos\u201d o de \u201ccajitas para guardar las facturas\u201d que luego debe clasificar, organizar y archivar para poder saber \u201ca donde se fue el dinero\u201d y \u201cde donde sali\u00f3 el dinero\u201d.<\/mark> <mark style=\"background-color:rgba(0, 0, 0, 0)\" class=\"has-inline-color has-vivid-red-color\">Usted solo deber\u00e1 guardarlas a su conveniencia para cualquier eventual consulta futura<\/mark><\/li>\n\n\n\n<li><mark style=\"background-color:rgba(0, 0, 0, 0)\" class=\"has-inline-color has-vivid-red-color\">Tener garant\u00eda del respaldo diario de su Informaci\u00f3n en nuestro Servidor, para el caso de que tenga alg\u00fan percance con su dispositivo m\u00f3vil<\/mark><\/li>\n\n\n\n<li><mark style=\"background-color:rgba(0, 0, 0, 0)\" class=\"has-inline-color has-vivid-red-color\">Recibir, por la v\u00eda que usted prefiera (WhatsApp, Mensajes de Texto, E-mail), reportes mensuales, semestrales y anuales de sus gastos ya clasificados por cuenta, para su an\u00e1lisis y toma de decisiones<\/mark><\/li>\n<\/ul>\n\n\n\n<p><\/p>\n","protected":false},"excerpt":{"rendered":"<p>\u00bfComo trabajamos? Entendemos perfectamente que al tener o estar iniciando un peque\u00f1o negocio, las formalidades relacionadas con Controles, Cuentas y, en general, el \u201cOrden Contable\u201d, no son prioritarios para quien quiere utilizar su tiempo, capacidades o conocimientos para producir sus propios ingresos. Igualmente, en la mayor\u00eda de los casos, al inicio muchos no quieren complicarse [&hellip;]<\/p>\n","protected":false},"author":1,"featured_media":0,"parent":0,"menu_order":0,"comment_status":"closed","ping_status":"closed","template":"","meta":{"footnotes":""},"class_list":["post-59","page","type-page","status-publish","hentry"],"_hostinger_reach_plugin_has_subscription_block":false,"_hostinger_reach_plugin_is_elementor":false,"_links":{"self":[{"href":"https:\/\/aodbkt.com\/inicio\/wp-json\/wp\/v2\/pages\/59","targetHints":{"allow":["GET"]}}],"collection":[{"href":"https:\/\/aodbkt.com\/inicio\/wp-json\/wp\/v2\/pages"}],"about":[{"href":"https:\/\/aodbkt.com\/inicio\/wp-json\/wp\/v2\/types\/page"}],"author":[{"embeddable":true,"href":"https:\/\/aodbkt.com\/inicio\/wp-json\/wp\/v2\/users\/1"}],"replies":[{"embeddable":true,"href":"https:\/\/aodbkt.com\/inicio\/wp-json\/wp\/v2\/comments?post=59"}],"version-history":[{"count":9,"href":"https:\/\/aodbkt.com\/inicio\/wp-json\/wp\/v2\/pages\/59\/revisions"}],"predecessor-version":[{"id":238,"href":"https:\/\/aodbkt.com\/inicio\/wp-json\/wp\/v2\/pages\/59\/revisions\/238"}],"wp:attachment":[{"href":"https:\/\/aodbkt.com\/inicio\/wp-json\/wp\/v2\/media?parent=59"}],"curies":[{"name":"wp","href":"https:\/\/api.w.org\/{rel}","templated":true}]}}