{"id":54,"date":"2026-02-21T19:35:49","date_gmt":"2026-02-21T19:35:49","guid":{"rendered":"https:\/\/aodbkt.com\/?page_id=54"},"modified":"2026-02-23T14:04:34","modified_gmt":"2026-02-23T19:04:34","slug":"sin-titulo","status":"publish","type":"page","link":"https:\/\/aodbkt.com\/inicio\/","title":{"rendered":"Inicio"},"content":{"rendered":"\n<h2 class=\"wp-block-heading\">\n\t\t\t\u00bfQui\u00e9nes somos?\t<\/h2>\n\n\n\n<p><mark style=\"background-color:rgba(0, 0, 0, 0)\" class=\"has-inline-color has-vivid-red-color\">Somos una oficina de Servicios de Bookkeeping (Tenedur\u00eda de Registros Contables), preparaci\u00f3n de Declaraciones de Impuestos Federales (popularmente conocidos como \u00abTaxes\u00bb) y otros Servicios Administrativos.<\/mark><\/p>\n\n\n\n<h2 class=\"wp-block-heading\">Nuestra Visi\u00f3n<\/h2>\n\n\n\n<p><mark style=\"background-color:rgba(0, 0, 0, 0)\" class=\"has-inline-color has-vivid-red-color\">Servir de Soporte Administrativo para su Empresa Personal, ofreci\u00e9ndole todos los Servicios que requiera para desarrollar el Negocio y sus Ideas o Proyectos.<\/mark><\/p>\n\n\n\n<h2 class=\"wp-block-heading\">\n\t\t\t\u00bfQuienes son Nuestros Clientes?\t<\/h2>\n\n\n\n<p><mark style=\"background-color:rgba(0, 0, 0, 0)\" class=\"has-inline-color has-vivid-red-color\">Trabajamos en funci\u00f3n de prestarle nuestros Servicios a peque\u00f1os Emprendedores que tienen una actividad productiva en desarrollo, ya sea con una Empresa legalmente conformada o con actividades desarrolladas de forma dom\u00e9stica.<\/mark><\/p>\n\n\n\n<p><\/p>\n","protected":false},"excerpt":{"rendered":"<p>\u00bfQui\u00e9nes somos? Somos una oficina de Servicios de Bookkeeping (Tenedur\u00eda de Registros Contables), preparaci\u00f3n de Declaraciones de Impuestos Federales (popularmente conocidos como \u00abTaxes\u00bb) y otros Servicios Administrativos. Nuestra Visi\u00f3n Servir de Soporte Administrativo para su Empresa Personal, ofreci\u00e9ndole todos los Servicios que requiera para desarrollar el Negocio y sus Ideas o Proyectos. \u00bfQuienes son Nuestros [&hellip;]<\/p>\n","protected":false},"author":1,"featured_media":0,"parent":0,"menu_order":0,"comment_status":"closed","ping_status":"closed","template":"","meta":{"footnotes":""},"class_list":["post-54","page","type-page","status-publish","hentry"],"_hostinger_reach_plugin_has_subscription_block":false,"_hostinger_reach_plugin_is_elementor":false,"_links":{"self":[{"href":"https:\/\/aodbkt.com\/inicio\/wp-json\/wp\/v2\/pages\/54","targetHints":{"allow":["GET"]}}],"collection":[{"href":"https:\/\/aodbkt.com\/inicio\/wp-json\/wp\/v2\/pages"}],"about":[{"href":"https:\/\/aodbkt.com\/inicio\/wp-json\/wp\/v2\/types\/page"}],"author":[{"embeddable":true,"href":"https:\/\/aodbkt.com\/inicio\/wp-json\/wp\/v2\/users\/1"}],"replies":[{"embeddable":true,"href":"https:\/\/aodbkt.com\/inicio\/wp-json\/wp\/v2\/comments?post=54"}],"version-history":[{"count":25,"href":"https:\/\/aodbkt.com\/inicio\/wp-json\/wp\/v2\/pages\/54\/revisions"}],"predecessor-version":[{"id":215,"href":"https:\/\/aodbkt.com\/inicio\/wp-json\/wp\/v2\/pages\/54\/revisions\/215"}],"wp:attachment":[{"href":"https:\/\/aodbkt.com\/inicio\/wp-json\/wp\/v2\/media?parent=54"}],"curies":[{"name":"wp","href":"https:\/\/api.w.org\/{rel}","templated":true}]}}