{"id":105,"date":"2026-02-23T12:18:55","date_gmt":"2026-02-23T17:18:55","guid":{"rendered":"https:\/\/aodbkt.com\/inicio\/?page_id=105"},"modified":"2026-02-26T14:36:06","modified_gmt":"2026-02-26T19:36:06","slug":"sin-titulo-copy","status":"publish","type":"page","link":"https:\/\/aodbkt.com\/inicio\/sin-titulo-copy\/","title":{"rendered":"Nuestros Servicios"},"content":{"rendered":"\n<h2 class=\"wp-block-heading\">\u00bfQu\u00e9 Servicios ofrecemos?<\/h2>\n\n\n\n<p><mark style=\"background-color:rgba(0, 0, 0, 0)\" class=\"has-inline-color has-vivid-red-color\">Estamos enfocados en prestarle apoyo en todas las actividades requeridas para <strong>CRECER<\/strong> en su actividad productiva, y que dicho crecimiento se haga de una manera organizada, eficiente y de forma que <strong>NO<\/strong> represente una carga econ\u00f3mica para su bolsillo.<\/mark><\/p>\n\n\n\n<p><mark style=\"background-color:rgba(0, 0, 0, 0)\" class=\"has-inline-color has-vivid-red-color\">Aunque en algunos casos resulta ser m\u00e1s conveniente, <strong>NO<\/strong> lo obligamos a contratar <strong>PAQUETES DE SERVICIOS<\/strong> que lo amarren a tarifas fijas que usted tenga que pagar a\u00fan y cuando no requiera alguno de los servicios ofrecidos.<\/mark><\/p>\n\n\n\n<h2 class=\"wp-block-heading\">\n\t\t\tContabilidad\t<\/h2>\n\n\n\n<p><mark style=\"background-color:rgba(0, 0, 0, 0)\" class=\"has-inline-color has-vivid-red-color\">Si nuestros Clientes lo requieren, estamos en capacidad de llevar la Contabilidad completa de su Negocio a trav\u00e9s de QuickBooks Desktop, ofreci\u00e9ndole todos los reportes requeridos para mantenerlo informado:<\/mark><\/p>\n\n\n\n<ul class=\"wp-block-list\">\n<li><mark style=\"background-color:rgba(0, 0, 0, 0)\" class=\"has-inline-color has-vivid-red-color\">Estados de Ganancias y P\u00e9rdidas<\/mark><\/li>\n\n\n\n<li><mark style=\"background-color:rgba(0, 0, 0, 0)\" class=\"has-inline-color has-vivid-red-color\">Balances peri\u00f3dicos<\/mark><\/li>\n\n\n\n<li><mark style=\"background-color:rgba(0, 0, 0, 0)\" class=\"has-inline-color has-vivid-red-color\">Flujos de Caja<\/mark><\/li>\n\n\n\n<li><mark style=\"background-color:rgba(0, 0, 0, 0)\" class=\"has-inline-color has-vivid-red-color\">Reportes de Cuentas por Pagar y Cuentas por Cobrar<\/mark><\/li>\n\n\n\n<li><mark style=\"background-color:rgba(0, 0, 0, 0)\" class=\"has-inline-color has-vivid-red-color\">Conciliaci\u00f3n de Cuentas Bancarias<\/mark><\/li>\n\n\n\n<li><mark style=\"background-color:rgba(0, 0, 0, 0)\" class=\"has-inline-color has-vivid-red-color\">Registros de Clientes, Proveedores y Bancos<\/mark><\/li>\n<\/ul>\n\n\n\n<h2 class=\"wp-block-heading\">Sistema de Control y Clasificaci\u00f3n de Gastos<\/h2>\n\n\n\n<p><mark style=\"background-color:rgba(0, 0, 0, 0)\" class=\"has-inline-color has-vivid-red-color\">Para los Clientes que no est\u00e9n interesados (o no requieran) llevar una Contabilidad completa, sino un control de gastos para poder tomar decisiones en su Negocio, ofrecemos nuestro popular Servicio de Control y Clasificaci\u00f3n de Gastos que se basa en nuestra exclusiva Aplicaci\u00f3n M\u00f3vil<\/mark> <mark style=\"background-color:rgba(0, 0, 0, 0)\" class=\"has-inline-color has-vivid-red-color\">y que es una forma muy econ\u00f3mica de tener \u00absus n\u00fameros\u00bb organizados y \u00aba la mano\u00bb para:<\/mark><\/p>\n\n\n\n<ul class=\"wp-block-list\">\n<li><mark style=\"background-color:rgba(0, 0, 0, 0)\" class=\"has-inline-color has-vivid-red-color\">Estimar sus ganancias reales sin esperar resultados de una Contabilidad diferida<\/mark><\/li>\n\n\n\n<li><mark style=\"background-color:rgba(0, 0, 0, 0)\" class=\"has-inline-color has-vivid-red-color\">Sus Declaraciones de Impuestos Federales<\/mark><\/li>\n\n\n\n<li><mark style=\"background-color:rgba(0, 0, 0, 0)\" class=\"has-inline-color has-vivid-red-color\">Definir o modificar las estrategias de su Negocio<\/mark><\/li>\n<\/ul>\n\n\n\n<h2 class=\"wp-block-heading\">Declaraciones de Impuestos <\/h2>\n\n\n\n<p><mark style=\"background-color:rgba(0, 0, 0, 0)\" class=\"has-inline-color has-vivid-red-color\">Elaboraci\u00f3n de Declaraciones de Impuestos Personales y para peque\u00f1os Negocios (Sole Propietorship) con diferentes modalidades:<\/mark><\/p>\n\n\n\n<ul class=\"wp-block-list\">\n<li><mark style=\"background-color:rgba(0, 0, 0, 0)\" class=\"has-inline-color has-vivid-red-color\">Organizando la informaci\u00f3n de sus gastos de la forma \u00abtradicional\u00bb, pero a precios accesibles<\/mark><\/li>\n\n\n\n<li><mark style=\"background-color:rgba(0, 0, 0, 0)\" class=\"has-inline-color has-vivid-red-color\">Utilizando, como punto de partida, la informaci\u00f3n ya clasificada en nuestra Aplicaci\u00f3n M\u00f3vil (forma mucho m\u00e1s econ\u00f3mica)<\/mark><\/li>\n<\/ul>\n\n\n\n<h2 class=\"wp-block-heading\">\n\t\t\tCreaci\u00f3n de Compa\u00f1\u00edas\t<\/h2>\n\n\n\n<p><mark style=\"background-color:rgba(0, 0, 0, 0)\" class=\"has-inline-color has-vivid-red-color\">Realizaci\u00f3n de todos los Tr\u00e1mites y Documentaci\u00f3n requeridos por las Instituciones del Estado de la Florida, para la formalizaci\u00f3n y puesta en funcionamiento de Nuevas Compa\u00f1\u00edas incluyendo:<\/mark><\/p>\n\n\n\n<ul class=\"wp-block-list\">\n<li><mark style=\"background-color:rgba(0, 0, 0, 0)\" class=\"has-inline-color has-vivid-red-color\">Asesor\u00eda en la determinaci\u00f3n del tipo de Compa\u00f1\u00eda m\u00e1s conveniente<\/mark><\/li>\n\n\n\n<li><mark style=\"background-color:rgba(0, 0, 0, 0)\" class=\"has-inline-color has-vivid-red-color\">Consulta, selecci\u00f3n y reserva de Nombre Legal<\/mark><\/li>\n\n\n\n<li><mark style=\"background-color:rgba(0, 0, 0, 0)\" class=\"has-inline-color has-vivid-red-color\">Creaci\u00f3n de los Estatutos b\u00e1sicos de la Compa\u00f1\u00eda<\/mark><\/li>\n\n\n\n<li><mark style=\"background-color:rgba(0, 0, 0, 0)\" class=\"has-inline-color has-vivid-red-color\">Registro de la Compa\u00f1\u00eda ante la Secretar\u00eda del Estado de Florida<\/mark><\/li>\n\n\n\n<li><mark style=\"background-color:rgba(0, 0, 0, 0)\" class=\"has-inline-color has-vivid-red-color\">Solicitud del EIN ante el IRS<\/mark><\/li>\n\n\n\n<li><mark style=\"background-color:rgba(0, 0, 0, 0)\" class=\"has-inline-color has-vivid-red-color\">Preparaci\u00f3n de Anexos para apertura de Cuentas Bancarias<\/mark><\/li>\n\n\n\n<li><mark style=\"background-color:rgba(0, 0, 0, 0)\" class=\"has-inline-color has-vivid-red-color\">Asesor\u00eda en los tr\u00e1mites para obtener las Licencias de su Negocio<\/mark><\/li>\n<\/ul>\n","protected":false},"excerpt":{"rendered":"<p>\u00bfQu\u00e9 Servicios ofrecemos? Estamos enfocados en prestarle apoyo en todas las actividades requeridas para CRECER en su actividad productiva, y que dicho crecimiento se haga de una manera organizada, eficiente y de forma que NO represente una carga econ\u00f3mica para su bolsillo. Aunque en algunos casos resulta ser m\u00e1s conveniente, NO lo obligamos a contratar [&hellip;]<\/p>\n","protected":false},"author":1,"featured_media":0,"parent":0,"menu_order":0,"comment_status":"closed","ping_status":"closed","template":"","meta":{"footnotes":""},"class_list":["post-105","page","type-page","status-publish","hentry"],"_hostinger_reach_plugin_has_subscription_block":false,"_hostinger_reach_plugin_is_elementor":false,"_links":{"self":[{"href":"https:\/\/aodbkt.com\/inicio\/wp-json\/wp\/v2\/pages\/105","targetHints":{"allow":["GET"]}}],"collection":[{"href":"https:\/\/aodbkt.com\/inicio\/wp-json\/wp\/v2\/pages"}],"about":[{"href":"https:\/\/aodbkt.com\/inicio\/wp-json\/wp\/v2\/types\/page"}],"author":[{"embeddable":true,"href":"https:\/\/aodbkt.com\/inicio\/wp-json\/wp\/v2\/users\/1"}],"replies":[{"embeddable":true,"href":"https:\/\/aodbkt.com\/inicio\/wp-json\/wp\/v2\/comments?post=105"}],"version-history":[{"count":9,"href":"https:\/\/aodbkt.com\/inicio\/wp-json\/wp\/v2\/pages\/105\/revisions"}],"predecessor-version":[{"id":221,"href":"https:\/\/aodbkt.com\/inicio\/wp-json\/wp\/v2\/pages\/105\/revisions\/221"}],"wp:attachment":[{"href":"https:\/\/aodbkt.com\/inicio\/wp-json\/wp\/v2\/media?parent=105"}],"curies":[{"name":"wp","href":"https:\/\/api.w.org\/{rel}","templated":true}]}}